{"id":540,"date":"2023-02-01T01:51:42","date_gmt":"2023-01-31T22:51:42","guid":{"rendered":"https:\/\/salteksnonwovens.com.tr\/iletisim\/"},"modified":"2023-02-21T00:09:05","modified_gmt":"2023-02-20T21:09:05","slug":"contact","status":"publish","type":"page","link":"https:\/\/salteksnonwovens.com.tr\/en\/contact\/","title":{"rendered":"CONTACT"},"content":{"rendered":"<section  class='av_textblock_section av-ldmy2ldz-1e9987bb494f522556d5cc9cf1549018'  itemscope=\"itemscope\" itemtype=\"https:\/\/schema.org\/CreativeWork\" ><div class='avia_textblock'  itemprop=\"text\" ><p><iframe loading=\"lazy\" style=\"border: 0;\" src=\"https:\/\/www.google.com\/maps\/embed?pb=!1m14!1m8!1m3!1d12023.29191571985!2d28.500172!3d41.116557!3m2!1i1024!2i768!4f13.1!3m3!1m2!1s0x14cab9bd686aff7b%3A0x35ca7467ecb804d4!2sSalteks%20Tekstil%20A.%C5%9E.%20-%20Nonwovens%20-%20Geotekstil%20Ke%C3%A7e!5e0!3m2!1str!2str!4v1675333069504!5m2!1str!2str\" width=\"1200\" height=\"400\" allowfullscreen=\"allowfullscreen\"><\/iframe><\/p>\n<\/div><\/section>\n<div class='flex_column av-1rzcd-d69974417f2fff22574936b4d1517ccb av_one_half  avia-builder-el-1  el_after_av_textblock  el_before_av_one_half  first flex_column_div column-top-margin'     ><p>\n<style type=\"text\/css\" data-created_by=\"avia_inline_auto\" id=\"style-css-av-le1o6o7b-850cb759db353d9dac68fd4f32bce2a2\">\n#top .av-special-heading.av-le1o6o7b-850cb759db353d9dac68fd4f32bce2a2{\npadding-bottom:30px;\nfont-size:22px;\n}\nbody .av-special-heading.av-le1o6o7b-850cb759db353d9dac68fd4f32bce2a2 .av-special-heading-tag .heading-char{\nfont-size:25px;\n}\n#top #wrap_all .av-special-heading.av-le1o6o7b-850cb759db353d9dac68fd4f32bce2a2 .av-special-heading-tag{\nfont-size:22px;\n}\n.av-special-heading.av-le1o6o7b-850cb759db353d9dac68fd4f32bce2a2 .av-subheading{\nfont-size:15px;\n}\n\n@media only screen and (min-width: 480px) and (max-width: 767px){ \n#top #wrap_all .av-special-heading.av-le1o6o7b-850cb759db353d9dac68fd4f32bce2a2 .av-special-heading-tag{\nfont-size:0.8em;\n}\n}\n\n@media only screen and (max-width: 479px){ \n#top #wrap_all .av-special-heading.av-le1o6o7b-850cb759db353d9dac68fd4f32bce2a2 .av-special-heading-tag{\nfont-size:0.8em;\n}\n}\n<\/style>\n<div  class='av-special-heading av-le1o6o7b-850cb759db353d9dac68fd4f32bce2a2 av-special-heading-h3 blockquote modern-quote  avia-builder-el-2  el_before_av_icon_box  avia-builder-el-first  av-inherit-size'><h3 class='av-special-heading-tag'  itemprop=\"headline\"  >Salteks Tekstil Sanayi ve Ticaret A.\u015e.<\/h3><div class=\"special-heading-border\"><div class=\"special-heading-inner-border\"><\/div><\/div><\/div><br \/>\n\n<style type=\"text\/css\" data-created_by=\"avia_inline_auto\" id=\"style-css-av-le1o7keb-24ca6eb00d2cddff1c9e798cabe797fb\">\n.iconbox.av-le1o7keb-24ca6eb00d2cddff1c9e798cabe797fb .iconbox_content_container{\nfont-size:14px;\n}\n<\/style>\n<article  class='iconbox iconbox_left av-le1o7keb-24ca6eb00d2cddff1c9e798cabe797fb  avia-builder-el-3  el_after_av_heading  el_before_av_icon_box '  itemscope=\"itemscope\" itemtype=\"https:\/\/schema.org\/CreativeWork\" ><div class=\"iconbox_content\"><header class=\"entry-content-header\"><div class=\"iconbox_icon heading-color\" aria-hidden='true' data-av_icon='\ue841' data-av_iconfont='entypo-fontello'><\/div><h3 class='iconbox_content_title '  itemprop=\"headline\" >Address<\/h3><\/header><div class='iconbox_content_container '  itemprop=\"text\" ><p>Ferhatpa\u015fa Mahallesi Ender Sokak No:3\/1 \u00c7atalca, \u0130stanbul &#8211; T\u00dcRK\u0130YE<\/p>\n<\/div><\/div><footer class=\"entry-footer\"><\/footer><\/article><br \/>\n\n<style type=\"text\/css\" data-created_by=\"avia_inline_auto\" id=\"style-css-av-le1oab6e-7523783951b451ddb726b4b6c8b346a0\">\n.iconbox.av-le1oab6e-7523783951b451ddb726b4b6c8b346a0 .iconbox_content_container{\nfont-size:14px;\n}\n<\/style>\n<article  class='iconbox iconbox_left av-le1oab6e-7523783951b451ddb726b4b6c8b346a0  avia-builder-el-4  el_after_av_icon_box  el_before_av_icon_box '  itemscope=\"itemscope\" itemtype=\"https:\/\/schema.org\/CreativeWork\" ><div class=\"iconbox_content\"><header class=\"entry-content-header\"><div class=\"iconbox_icon heading-color\" aria-hidden='true' data-av_icon='\ue854' data-av_iconfont='entypo-fontello'><\/div><h3 class='iconbox_content_title '  itemprop=\"headline\" >Telephone<\/h3><\/header><div class='iconbox_content_container '  itemprop=\"text\" ><p>+90 212 789 27 90<\/p>\n<\/div><\/div><footer class=\"entry-footer\"><\/footer><\/article><br \/>\n\n<style type=\"text\/css\" data-created_by=\"avia_inline_auto\" id=\"style-css-av-le1oavt6-adac63bad56b56f1a66956d27f9bd1d7\">\n.iconbox.av-le1oavt6-adac63bad56b56f1a66956d27f9bd1d7 .iconbox_content_container{\nfont-size:14px;\n}\n<\/style>\n<article  class='iconbox iconbox_left av-le1oavt6-adac63bad56b56f1a66956d27f9bd1d7  avia-builder-el-5  el_after_av_icon_box  avia-builder-el-last '  itemscope=\"itemscope\" itemtype=\"https:\/\/schema.org\/CreativeWork\" ><div class=\"iconbox_content\"><header class=\"entry-content-header\"><div class=\"iconbox_icon heading-color\" aria-hidden='true' data-av_icon='\ue805' data-av_iconfont='entypo-fontello'><\/div><h3 class='iconbox_content_title '  itemprop=\"headline\" >E-Mail<\/h3><\/header><div class='iconbox_content_container '  itemprop=\"text\" ><p>salteks@salteks.com.tr<\/p>\n<\/div><\/div><footer class=\"entry-footer\"><\/footer><\/article><\/p><\/div>\n<div class='flex_column av-bjt8l-41feb5991e81a6d18c5158ba484da8bf av_one_half  avia-builder-el-6  el_after_av_one_half  avia-builder-el-last  flex_column_div column-top-margin'     ><form action=\"https:\/\/salteksnonwovens.com.tr\/en\/contact\/\" method=\"post\"  class=\"avia_ajax_form av-form-labels-visible   avia-builder-el-7  avia-builder-el-no-sibling   \" data-avia-form-id=\"1\" data-avia-redirect='' ><fieldset><p class='  first_form  form_element form_element_half' id='element_avia_1_1'><label for=\"avia_1_1\">Name Surname <abbr class=\"required\" title=\"required\">*<\/abbr><\/label> <input name=\"avia_1_1\" class=\"text_input is_empty\" type=\"text\" id=\"avia_1_1\" value=\"\" \/><\/p><p class='  form_element form_element_half' id='element_avia_2_1'><label for=\"avia_2_1\">Telephone <abbr class=\"required\" title=\"required\">*<\/abbr><\/label> <input name=\"avia_2_1\" class=\"text_input is_phone\" type=\"text\" id=\"avia_2_1\" value=\"\" \/><\/p><p class='  first_form  form_element form_element_half' id='element_avia_3_1'><label for=\"avia_3_1\">E-Mail <abbr class=\"required\" title=\"required\">*<\/abbr><\/label> <input name=\"avia_3_1\" class=\"text_input is_special_email\" type=\"text\" id=\"avia_3_1\" value=\"\" \/><\/p><p class='  form_element form_element_half' id='element_avia_4_1'><label for=\"avia_4_1\">Subject <abbr class=\"required\" title=\"required\">*<\/abbr><\/label> <input name=\"avia_4_1\" class=\"text_input is_empty\" type=\"text\" id=\"avia_4_1\" value=\"\" \/><\/p><p class='  first_form  form_element form_element_two_third' id='element_avia_5_1'><label for=\"avia_5_1\" class=\"textare_label hidden textare_label_avia_5_1\">Message <abbr class=\"required\" title=\"required\">*<\/abbr><\/label><textarea  name=\"avia_5_1\" class=\"text_area is_empty\" cols=\"40\" rows=\"7\" id=\"avia_5_1\" ><\/textarea><\/p><p class=\"hidden\"><input type=\"text\" name=\"avia_6_1\" class=\"hidden \" id=\"avia_6_1\" value=\"\" \/><\/p><p class=' form_element_third  form_element form_fullwidth' id='element_avia_7_1'><span class='value_verifier_label'>5 + 2 = ?<\/span><input name=\"avia_7_1_verifier\" type=\"hidden\" id=\"avia_7_1_verifier\" value=\"547441722\"\/><label for=\"avia_7_1\">Please prove that you are human by solving the equation <abbr class=\"required\" title=\"required\">*<\/abbr><\/label><input name=\"avia_7_1\" class=\"text_input captcha\" type=\"text\" id=\"avia_7_1\" value=\"\"\/><\/p><p class=\"form_element \"><input type=\"hidden\" value=\"1\" name=\"avia_generated_form1\" \/><input type=\"submit\" value=\"Send\" class=\"button\"  data-sending-label=\"Sending\"\/><\/p><\/fieldset><\/form><div id=\"ajaxresponse_1\" class=\"ajaxresponse ajaxresponse_1 hidden\"><\/div><\/div>\n","protected":false},"excerpt":{"rendered":"","protected":false},"author":1,"featured_media":0,"parent":0,"menu_order":7,"comment_status":"closed","ping_status":"closed","template":"","meta":{"footnotes":""},"class_list":["post-540","page","type-page","status-publish","hentry"],"_links":{"self":[{"href":"https:\/\/salteksnonwovens.com.tr\/en\/wp-json\/wp\/v2\/pages\/540","targetHints":{"allow":["GET"]}}],"collection":[{"href":"https:\/\/salteksnonwovens.com.tr\/en\/wp-json\/wp\/v2\/pages"}],"about":[{"href":"https:\/\/salteksnonwovens.com.tr\/en\/wp-json\/wp\/v2\/types\/page"}],"author":[{"embeddable":true,"href":"https:\/\/salteksnonwovens.com.tr\/en\/wp-json\/wp\/v2\/users\/1"}],"replies":[{"embeddable":true,"href":"https:\/\/salteksnonwovens.com.tr\/en\/wp-json\/wp\/v2\/comments?post=540"}],"version-history":[{"count":3,"href":"https:\/\/salteksnonwovens.com.tr\/en\/wp-json\/wp\/v2\/pages\/540\/revisions"}],"predecessor-version":[{"id":544,"href":"https:\/\/salteksnonwovens.com.tr\/en\/wp-json\/wp\/v2\/pages\/540\/revisions\/544"}],"wp:attachment":[{"href":"https:\/\/salteksnonwovens.com.tr\/en\/wp-json\/wp\/v2\/media?parent=540"}],"curies":[{"name":"wp","href":"https:\/\/api.w.org\/{rel}","templated":true}]}}